{"id":422,"date":"2024-05-13T20:28:00","date_gmt":"2024-05-13T20:28:00","guid":{"rendered":"https:\/\/mosaiculture.ca\/contact-us\/"},"modified":"2026-01-08T18:18:06","modified_gmt":"2026-01-08T18:18:06","slug":"contact-us","status":"publish","type":"page","link":"https:\/\/mosaiculture.ca\/en\/contact-us\/","title":{"rendered":"Contact us"},"content":{"rendered":"\t\t<div data-elementor-type=\"wp-page\" data-elementor-id=\"422\" class=\"elementor elementor-422 elementor-232\" data-elementor-post-type=\"page\">\n\t\t\t\t<div class=\"elementor-element elementor-element-9d800b6 e-flex e-con-boxed e-con e-parent\" data-id=\"9d800b6\" data-element_type=\"container\" data-settings=\"{&quot;background_background&quot;:&quot;classic&quot;,&quot;jet_parallax_layout_list&quot;:[]}\">\n\t\t\t\t\t<div class=\"e-con-inner\">\n\t\t\t\t\t<\/div>\n\t\t\t\t<\/div>\n\t\t<div class=\"elementor-element elementor-element-e0e3b1b e-con-full h1-container e-flex e-con e-child\" data-id=\"e0e3b1b\" data-element_type=\"container\" data-settings=\"{&quot;jet_parallax_layout_list&quot;:[],&quot;background_background&quot;:&quot;classic&quot;}\">\n\t\t\t\t<div class=\"elementor-element elementor-element-9f207c2 elementor-widget__width-auto elementor-widget elementor-widget-heading\" data-id=\"9f207c2\" data-element_type=\"widget\" data-widget_type=\"heading.default\">\n\t\t\t\t<div class=\"elementor-widget-container\">\n\t\t\t<style>\/*! elementor - v3.21.0 - 08-05-2024 *\/\n.elementor-heading-title{padding:0;margin:0;line-height:1}.elementor-widget-heading .elementor-heading-title[class*=elementor-size-]>a{color:inherit;font-size:inherit;line-height:inherit}.elementor-widget-heading .elementor-heading-title.elementor-size-small{font-size:15px}.elementor-widget-heading .elementor-heading-title.elementor-size-medium{font-size:19px}.elementor-widget-heading .elementor-heading-title.elementor-size-large{font-size:29px}.elementor-widget-heading .elementor-heading-title.elementor-size-xl{font-size:39px}.elementor-widget-heading .elementor-heading-title.elementor-size-xxl{font-size:59px}<\/style><h1 class=\"elementor-heading-title elementor-size-default\">Contact us<\/h1>\t\t<\/div>\n\t\t\t\t<\/div>\n\t\t\t\t<\/div>\n\t\t<div class=\"elementor-element elementor-element-06583be e-flex e-con-boxed e-con e-parent\" data-id=\"06583be\" data-element_type=\"container\" data-settings=\"{&quot;jet_parallax_layout_list&quot;:[]}\">\n\t\t\t\t\t<div class=\"e-con-inner\">\n\t\t<div class=\"elementor-element elementor-element-9ba0681 e-con-full e-flex e-con e-child\" data-id=\"9ba0681\" data-element_type=\"container\" data-settings=\"{&quot;jet_parallax_layout_list&quot;:[]}\">\n\t\t\t\t<div class=\"elementor-element elementor-element-ce4d331 elementor-widget elementor-widget-heading\" data-id=\"ce4d331\" data-element_type=\"widget\" data-widget_type=\"heading.default\">\n\t\t\t\t<div class=\"elementor-widget-container\">\n\t\t\t<h2 class=\"elementor-heading-title elementor-size-default\">MOSA\u00cfCULTURES INTERNATIONALES DE MONTR\u00c9AL<\/h2>\t\t<\/div>\n\t\t\t\t<\/div>\n\t\t\t\t<div class=\"elementor-element elementor-element-a3e2dc3 elementor-widget elementor-widget-text-editor\" data-id=\"a3e2dc3\" data-element_type=\"widget\" data-widget_type=\"text-editor.default\">\n\t\t\t\t<div class=\"elementor-widget-container\">\n\t\t\t<style>\/*! elementor - v3.21.0 - 08-05-2024 *\/\n.elementor-widget-text-editor.elementor-drop-cap-view-stacked .elementor-drop-cap{background-color:#69727d;color:#fff}.elementor-widget-text-editor.elementor-drop-cap-view-framed .elementor-drop-cap{color:#69727d;border:3px solid;background-color:transparent}.elementor-widget-text-editor:not(.elementor-drop-cap-view-default) .elementor-drop-cap{margin-top:8px}.elementor-widget-text-editor:not(.elementor-drop-cap-view-default) .elementor-drop-cap-letter{width:1em;height:1em}.elementor-widget-text-editor .elementor-drop-cap{float:left;text-align:center;line-height:1;font-size:50px}.elementor-widget-text-editor .elementor-drop-cap-letter{display:inline-block}<\/style>\t\t\t\t<p><span style=\"text-decoration: underline;\"><strong>ADMINISTRATIVE OFFICE <\/strong><\/span><\/p><p>Parc Jean Drapeau, Pavillon de la Tunisie<br \/>350, Circuite Gilles Villeneuve<br \/>Montr\u00e9al (Qu\u00e9bec) <br \/>H3C 6J6 Canada<\/p><p>T\u00e9l.: <a href=\"tel:+1 514 868-4004\">+1 514 868-4004<\/a><br \/>T\u00e9l\u00e9c.: <a href=\"tel:+1 514 868-4005\">+1 514 868-4005<\/a><\/p><p>To find out where and when Mosa\u00efcultures internationales de Montr\u00e9al exhibits its creations or works it has produced, visit the <strong><a href=\"https:\/\/mosaiculture.ca\/en\/realization\/\">REALIZATION<\/a><\/strong> section.<\/p>\t\t\t\t\t\t<\/div>\n\t\t\t\t<\/div>\n\t\t\t\t<\/div>\n\t\t<div class=\"elementor-element elementor-element-b8d96a4 e-con-full e-flex e-con e-child\" data-id=\"b8d96a4\" data-element_type=\"container\" data-settings=\"{&quot;background_background&quot;:&quot;classic&quot;,&quot;jet_parallax_layout_list&quot;:[]}\">\n\t\t\t\t<div class=\"elementor-element elementor-element-1057965 elementor-button-align-end elementor-widget elementor-widget-form\" data-id=\"1057965\" data-element_type=\"widget\" data-settings=\"{&quot;step_next_label&quot;:&quot;Suivant&quot;,&quot;step_previous_label&quot;:&quot;Pr\\u00e9c\\u00e9dent&quot;,&quot;button_width&quot;:&quot;100&quot;,&quot;step_type&quot;:&quot;number_text&quot;,&quot;step_icon_shape&quot;:&quot;circle&quot;}\" data-widget_type=\"form.default\">\n\t\t\t\t<div class=\"elementor-widget-container\">\n\t\t\t<style>\/*! elementor-pro - v3.20.0 - 26-03-2024 *\/\n.elementor-button.elementor-hidden,.elementor-hidden{display:none}.e-form__step{width:100%}.e-form__step:not(.elementor-hidden){display:flex;flex-wrap:wrap}.e-form__buttons{flex-wrap:wrap}.e-form__buttons,.e-form__buttons__wrapper{display:flex}.e-form__indicators{display:flex;justify-content:space-between;align-items:center;flex-wrap:nowrap;font-size:13px;margin-bottom:var(--e-form-steps-indicators-spacing)}.e-form__indicators__indicator{display:flex;flex-direction:column;align-items:center;justify-content:center;flex-basis:0;padding:0 var(--e-form-steps-divider-gap)}.e-form__indicators__indicator__progress{width:100%;position:relative;background-color:var(--e-form-steps-indicator-progress-background-color);border-radius:var(--e-form-steps-indicator-progress-border-radius);overflow:hidden}.e-form__indicators__indicator__progress__meter{width:var(--e-form-steps-indicator-progress-meter-width,0);height:var(--e-form-steps-indicator-progress-height);line-height:var(--e-form-steps-indicator-progress-height);padding-right:15px;border-radius:var(--e-form-steps-indicator-progress-border-radius);background-color:var(--e-form-steps-indicator-progress-color);color:var(--e-form-steps-indicator-progress-meter-color);text-align:right;transition:width .1s linear}.e-form__indicators__indicator:first-child{padding-left:0}.e-form__indicators__indicator:last-child{padding-right:0}.e-form__indicators__indicator--state-inactive{color:var(--e-form-steps-indicator-inactive-primary-color,#c2cbd2)}.e-form__indicators__indicator--state-inactive [class*=indicator--shape-]:not(.e-form__indicators__indicator--shape-none){background-color:var(--e-form-steps-indicator-inactive-secondary-color,#fff)}.e-form__indicators__indicator--state-inactive object,.e-form__indicators__indicator--state-inactive svg{fill:var(--e-form-steps-indicator-inactive-primary-color,#c2cbd2)}.e-form__indicators__indicator--state-active{color:var(--e-form-steps-indicator-active-primary-color,#39b54a);border-color:var(--e-form-steps-indicator-active-secondary-color,#fff)}.e-form__indicators__indicator--state-active [class*=indicator--shape-]:not(.e-form__indicators__indicator--shape-none){background-color:var(--e-form-steps-indicator-active-secondary-color,#fff)}.e-form__indicators__indicator--state-active object,.e-form__indicators__indicator--state-active svg{fill:var(--e-form-steps-indicator-active-primary-color,#39b54a)}.e-form__indicators__indicator--state-completed{color:var(--e-form-steps-indicator-completed-secondary-color,#fff)}.e-form__indicators__indicator--state-completed [class*=indicator--shape-]:not(.e-form__indicators__indicator--shape-none){background-color:var(--e-form-steps-indicator-completed-primary-color,#39b54a)}.e-form__indicators__indicator--state-completed .e-form__indicators__indicator__label{color:var(--e-form-steps-indicator-completed-primary-color,#39b54a)}.e-form__indicators__indicator--state-completed .e-form__indicators__indicator--shape-none{color:var(--e-form-steps-indicator-completed-primary-color,#39b54a);background-color:initial}.e-form__indicators__indicator--state-completed object,.e-form__indicators__indicator--state-completed svg{fill:var(--e-form-steps-indicator-completed-secondary-color,#fff)}.e-form__indicators__indicator__icon{width:var(--e-form-steps-indicator-padding,30px);height:var(--e-form-steps-indicator-padding,30px);font-size:var(--e-form-steps-indicator-icon-size);border-width:1px;border-style:solid;display:flex;justify-content:center;align-items:center;overflow:hidden;margin-bottom:10px}.e-form__indicators__indicator__icon img,.e-form__indicators__indicator__icon object,.e-form__indicators__indicator__icon svg{width:var(--e-form-steps-indicator-icon-size);height:auto}.e-form__indicators__indicator__icon .e-font-icon-svg{height:1em}.e-form__indicators__indicator__number{width:var(--e-form-steps-indicator-padding,30px);height:var(--e-form-steps-indicator-padding,30px);border-width:1px;border-style:solid;display:flex;justify-content:center;align-items:center;margin-bottom:10px}.e-form__indicators__indicator--shape-circle{border-radius:50%}.e-form__indicators__indicator--shape-square{border-radius:0}.e-form__indicators__indicator--shape-rounded{border-radius:5px}.e-form__indicators__indicator--shape-none{border:0}.e-form__indicators__indicator__label{text-align:center}.e-form__indicators__indicator__separator{width:100%;height:var(--e-form-steps-divider-width);background-color:#babfc5}.e-form__indicators--type-icon,.e-form__indicators--type-icon_text,.e-form__indicators--type-number,.e-form__indicators--type-number_text{align-items:flex-start}.e-form__indicators--type-icon .e-form__indicators__indicator__separator,.e-form__indicators--type-icon_text .e-form__indicators__indicator__separator,.e-form__indicators--type-number .e-form__indicators__indicator__separator,.e-form__indicators--type-number_text .e-form__indicators__indicator__separator{margin-top:calc(var(--e-form-steps-indicator-padding, 30px) \/ 2 - var(--e-form-steps-divider-width, 1px) \/ 2)}.elementor-field-type-hidden{display:none}.elementor-field-type-html{display:inline-block}.elementor-field-type-tel input{direction:inherit}.elementor-login .elementor-lost-password,.elementor-login .elementor-remember-me{font-size:.85em}.elementor-field-type-recaptcha_v3 .elementor-field-label{display:none}.elementor-field-type-recaptcha_v3 .grecaptcha-badge{z-index:1}.elementor-button .elementor-form-spinner{order:3}.elementor-form .elementor-button>span{display:flex;justify-content:center;align-items:center}.elementor-form .elementor-button .elementor-button-text{white-space:normal;flex-grow:0}.elementor-form .elementor-button svg{height:auto}.elementor-form .elementor-button .e-font-icon-svg{height:1em}.elementor-select-wrapper .select-caret-down-wrapper{position:absolute;top:50%;transform:translateY(-50%);inset-inline-end:10px;pointer-events:none;font-size:11px}.elementor-select-wrapper .select-caret-down-wrapper svg{display:unset;width:1em;aspect-ratio:unset;fill:currentColor}.elementor-select-wrapper .select-caret-down-wrapper i{font-size:19px;line-height:2}.elementor-select-wrapper.remove-before:before{content:\"\"!important}<\/style>\t\t<form class=\"elementor-form\" method=\"post\" name=\"Contact us\">\n\t\t\t<input type=\"hidden\" name=\"post_id\" value=\"422\"\/>\n\t\t\t<input type=\"hidden\" name=\"form_id\" value=\"1057965\"\/>\n\t\t\t<input type=\"hidden\" name=\"referer_title\" value=\"Mosaiculture\" \/>\n\n\t\t\t\n\t\t\t<div class=\"elementor-form-fields-wrapper elementor-labels-\">\n\t\t\t\t\t\t\t\t<div class=\"elementor-field-type-text elementor-field-group elementor-column elementor-field-group-nom elementor-col-100 elementor-field-required\">\n\t\t\t\t\t\t\t\t\t\t\t\t<label for=\"form-field-nom\" class=\"elementor-field-label elementor-screen-only\">\n\t\t\t\t\t\t\t\tLast Name\t\t\t\t\t\t\t<\/label>\n\t\t\t\t\t\t\t\t\t\t\t\t\t\t<input size=\"1\" type=\"text\" name=\"form_fields[nom]\" id=\"form-field-nom\" class=\"elementor-field elementor-size-lg  elementor-field-textual\" placeholder=\"Last Name\" required=\"required\" aria-required=\"true\">\n\t\t\t\t\t\t\t\t\t\t\t<\/div>\n\t\t\t\t\t\t\t\t<div class=\"elementor-field-type-text elementor-field-group elementor-column elementor-field-group-prenom elementor-col-100 elementor-field-required\">\n\t\t\t\t\t\t\t\t\t\t\t\t<label for=\"form-field-prenom\" class=\"elementor-field-label elementor-screen-only\">\n\t\t\t\t\t\t\t\tFirst name\t\t\t\t\t\t\t<\/label>\n\t\t\t\t\t\t\t\t\t\t\t\t\t\t<input size=\"1\" type=\"text\" name=\"form_fields[prenom]\" id=\"form-field-prenom\" class=\"elementor-field elementor-size-lg  elementor-field-textual\" placeholder=\"First name\" required=\"required\" aria-required=\"true\">\n\t\t\t\t\t\t\t\t\t\t\t<\/div>\n\t\t\t\t\t\t\t\t<div class=\"elementor-field-type-email elementor-field-group elementor-column elementor-field-group-Courriel elementor-col-100 elementor-field-required\">\n\t\t\t\t\t\t\t\t\t\t\t\t<label for=\"form-field-Courriel\" class=\"elementor-field-label elementor-screen-only\">\n\t\t\t\t\t\t\t\tE-mail\t\t\t\t\t\t\t<\/label>\n\t\t\t\t\t\t\t\t\t\t\t\t\t\t<input size=\"1\" type=\"email\" name=\"form_fields[Courriel]\" id=\"form-field-Courriel\" class=\"elementor-field elementor-size-lg  elementor-field-textual\" placeholder=\"E-mail\" required=\"required\" aria-required=\"true\">\n\t\t\t\t\t\t\t\t\t\t\t<\/div>\n\t\t\t\t\t\t\t\t<div class=\"elementor-field-type-text elementor-field-group elementor-column elementor-field-group-Sujet elementor-col-100 elementor-field-required\">\n\t\t\t\t\t\t\t\t\t\t\t\t<label for=\"form-field-Sujet\" class=\"elementor-field-label elementor-screen-only\">\n\t\t\t\t\t\t\t\tSubject\t\t\t\t\t\t\t<\/label>\n\t\t\t\t\t\t\t\t\t\t\t\t\t\t<input size=\"1\" type=\"text\" name=\"form_fields[Sujet]\" id=\"form-field-Sujet\" class=\"elementor-field elementor-size-lg  elementor-field-textual\" placeholder=\"Subject\" required=\"required\" aria-required=\"true\">\n\t\t\t\t\t\t\t\t\t\t\t<\/div>\n\t\t\t\t\t\t\t\t<div class=\"elementor-field-type-textarea elementor-field-group elementor-column elementor-field-group-message elementor-col-100 elementor-field-required\">\n\t\t\t\t\t\t\t\t\t\t\t\t<label for=\"form-field-message\" class=\"elementor-field-label elementor-screen-only\">\n\t\t\t\t\t\t\t\tQuestions or comments\t\t\t\t\t\t\t<\/label>\n\t\t\t\t\t\t<textarea class=\"elementor-field-textual elementor-field  elementor-size-lg\" name=\"form_fields[message]\" id=\"form-field-message\" rows=\"4\" placeholder=\"Questions or comments\" required=\"required\" aria-required=\"true\"><\/textarea>\t\t\t\t<\/div>\n\t\t\t\t\t\t\t\t<div class=\"elementor-field-type-acceptance elementor-field-group elementor-column elementor-field-group-field_68a26aa elementor-col-100\">\n\t\t\t\t\t\t\t<div class=\"elementor-field-subgroup\">\n\t\t\t<span class=\"elementor-field-option\">\n\t\t\t\t<input type=\"checkbox\" name=\"form_fields[field_68a26aa]\" id=\"form-field-field_68a26aa\" class=\"elementor-field elementor-size-lg  elementor-acceptance-field\">\n\t\t\t\t<label for=\"form-field-field_68a26aa\">would like to be informed of upcoming events at Mosa\u00efcultures Internationales de Montr\u00e9al.<\/label>\t\t\t<\/span>\n\t\t<\/div>\n\t\t\t\t\t\t<\/div>\n\t\t\t\t\t\t\t\t<div class=\"elementor-field-group elementor-column elementor-field-type-submit elementor-col-100 e-form__buttons\">\n\t\t\t\t\t<button type=\"submit\" class=\"elementor-button elementor-size-sm\">\n\t\t\t\t\t\t<span >\n\t\t\t\t\t\t\t\t\t\t\t\t\t\t\t<span class=\" elementor-button-icon\">\n\t\t\t\t\t\t\t\t\t\t\t\t\t\t\t\t\t\t\t\t\t\t\t\t\t\t<\/span>\n\t\t\t\t\t\t\t\t\t\t\t\t\t\t\t\t\t\t\t\t\t\t<span class=\"elementor-button-text\">SEND<\/span>\n\t\t\t\t\t\t\t\t\t\t\t\t\t<\/span>\n\t\t\t\t\t<\/button>\n\t\t\t\t<\/div>\n\t\t\t<\/div>\n\t\t<\/form>\n\t\t\t\t<\/div>\n\t\t\t\t<\/div>\n\t\t\t\t<\/div>\n\t\t\t\t\t<\/div>\n\t\t\t\t<\/div>\n\t\t<div class=\"elementor-element elementor-element-911a39a e-flex e-con-boxed e-con e-parent\" data-id=\"911a39a\" data-element_type=\"container\" data-settings=\"{&quot;jet_parallax_layout_list&quot;:[]}\">\n\t\t\t\t\t<div class=\"e-con-inner\">\n\t\t<div class=\"elementor-element elementor-element-1e07b4c e-con-full e-flex e-con e-child\" data-id=\"1e07b4c\" data-element_type=\"container\" data-settings=\"{&quot;jet_parallax_layout_list&quot;:[]}\">\n\t\t\t\t<div class=\"elementor-element elementor-element-69fd547 elementor-widget elementor-widget-image\" data-id=\"69fd547\" data-element_type=\"widget\" data-widget_type=\"image.default\">\n\t\t\t\t<div class=\"elementor-widget-container\">\n\t\t\t<style>\/*! elementor - v3.21.0 - 08-05-2024 *\/\n.elementor-widget-image{text-align:center}.elementor-widget-image a{display:inline-block}.elementor-widget-image a img[src$=\".svg\"]{width:48px}.elementor-widget-image img{vertical-align:middle;display:inline-block}<\/style>\t\t\t\t\t\t\t\t\t\t<img fetchpriority=\"high\" decoding=\"async\" width=\"353\" height=\"326\" src=\"https:\/\/mosaiculture.ca\/wp-content\/uploads\/2024\/04\/MIM_Logo-triskel.png\" class=\"attachment-large size-large wp-image-209\" alt=\"\" srcset=\"https:\/\/mosaiculture.ca\/wp-content\/uploads\/2024\/04\/MIM_Logo-triskel.png 353w, https:\/\/mosaiculture.ca\/wp-content\/uploads\/2024\/04\/MIM_Logo-triskel-300x277.png 300w\" sizes=\"(max-width: 353px) 100vw, 353px\" \/>\t\t\t\t\t\t\t\t\t\t\t\t\t<\/div>\n\t\t\t\t<\/div>\n\t\t\t\t<\/div>\n\t\t<div class=\"elementor-element elementor-element-c90dd88 e-con-full e-flex e-con e-child\" data-id=\"c90dd88\" data-element_type=\"container\" data-settings=\"{&quot;jet_parallax_layout_list&quot;:[]}\">\n\t\t\t\t<\/div>\n\t\t\t\t\t<\/div>\n\t\t\t\t<\/div>\n\t\t\t\t<\/div>\n\t\t","protected":false},"excerpt":{"rendered":"<p>Contact us MOSA\u00cfCULTURES INTERNATIONALES DE MONTR\u00c9AL ADMINISTRATIVE OFFICE Parc Jean Drapeau, Pavillon de la Tunisie350, Circuite Gilles VilleneuveMontr\u00e9al (Qu\u00e9bec) H3C 6J6 Canada T\u00e9l.: +1 514 868-4004T\u00e9l\u00e9c.: +1 514 868-4005 To find out where and when Mosa\u00efcultures internationales de Montr\u00e9al exhibits its creations or works it has produced, visit the REALIZATION section.<\/p>\n","protected":false},"author":1,"featured_media":0,"parent":0,"menu_order":0,"comment_status":"closed","ping_status":"closed","template":"","meta":{"_acf_changed":false,"footnotes":""},"acf":[],"yoast_head":"<!-- This site is optimized with the Yoast SEO plugin v22.7 - https:\/\/yoast.com\/wordpress\/plugins\/seo\/ -->\n<title>Contact us - Mosaiculture<\/title>\n<meta name=\"robots\" content=\"index, follow, max-snippet:-1, max-image-preview:large, max-video-preview:-1\" \/>\n<link rel=\"canonical\" href=\"https:\/\/mosaiculture.ca\/en\/contact-us\/\" \/>\n<meta property=\"og:locale\" content=\"en_US\" \/>\n<meta property=\"og:type\" content=\"article\" \/>\n<meta property=\"og:title\" content=\"Contact us - Mosaiculture\" \/>\n<meta property=\"og:description\" content=\"Contact us MOSA\u00cfCULTURES INTERNATIONALES DE MONTR\u00c9AL ADMINISTRATIVE OFFICE Parc Jean Drapeau, Pavillon de la Tunisie350, Circuite Gilles VilleneuveMontr\u00e9al (Qu\u00e9bec) H3C 6J6 Canada T\u00e9l.: +1 514 868-4004T\u00e9l\u00e9c.: +1 514 868-4005 To find out where and when Mosa\u00efcultures internationales de Montr\u00e9al exhibits its creations or works it has produced, visit the REALIZATION section.\" \/>\n<meta property=\"og:url\" content=\"https:\/\/mosaiculture.ca\/en\/contact-us\/\" \/>\n<meta property=\"og:site_name\" content=\"Mosaiculture\" \/>\n<meta property=\"article:modified_time\" content=\"2026-01-08T18:18:06+00:00\" \/>\n<meta property=\"og:image\" content=\"https:\/\/mosaiculture.ca\/wp-content\/uploads\/2024\/04\/MIM_Logo-triskel.png\" \/>\n<meta name=\"twitter:card\" content=\"summary_large_image\" \/>\n<meta name=\"twitter:label1\" content=\"Est. reading time\" \/>\n\t<meta name=\"twitter:data1\" content=\"1 minute\" \/>\n<script type=\"application\/ld+json\" class=\"yoast-schema-graph\">{\"@context\":\"https:\/\/schema.org\",\"@graph\":[{\"@type\":\"WebPage\",\"@id\":\"https:\/\/mosaiculture.ca\/en\/contact-us\/\",\"url\":\"https:\/\/mosaiculture.ca\/en\/contact-us\/\",\"name\":\"Contact us - Mosaiculture\",\"isPartOf\":{\"@id\":\"https:\/\/mosaiculture.ca\/en\/#website\"},\"primaryImageOfPage\":{\"@id\":\"https:\/\/mosaiculture.ca\/en\/contact-us\/#primaryimage\"},\"image\":{\"@id\":\"https:\/\/mosaiculture.ca\/en\/contact-us\/#primaryimage\"},\"thumbnailUrl\":\"https:\/\/mosaiculture.ca\/wp-content\/uploads\/2024\/04\/MIM_Logo-triskel.png\",\"datePublished\":\"2024-05-13T20:28:00+00:00\",\"dateModified\":\"2026-01-08T18:18:06+00:00\",\"breadcrumb\":{\"@id\":\"https:\/\/mosaiculture.ca\/en\/contact-us\/#breadcrumb\"},\"inLanguage\":\"en-US\",\"potentialAction\":[{\"@type\":\"ReadAction\",\"target\":[\"https:\/\/mosaiculture.ca\/en\/contact-us\/\"]}]},{\"@type\":\"ImageObject\",\"inLanguage\":\"en-US\",\"@id\":\"https:\/\/mosaiculture.ca\/en\/contact-us\/#primaryimage\",\"url\":\"https:\/\/mosaiculture.ca\/wp-content\/uploads\/2024\/04\/MIM_Logo-triskel.png\",\"contentUrl\":\"https:\/\/mosaiculture.ca\/wp-content\/uploads\/2024\/04\/MIM_Logo-triskel.png\"},{\"@type\":\"BreadcrumbList\",\"@id\":\"https:\/\/mosaiculture.ca\/en\/contact-us\/#breadcrumb\",\"itemListElement\":[{\"@type\":\"ListItem\",\"position\":1,\"name\":\"Accueil\",\"item\":\"https:\/\/mosaiculture.ca\/en\/\"},{\"@type\":\"ListItem\",\"position\":2,\"name\":\"Contact us\"}]},{\"@type\":\"WebSite\",\"@id\":\"https:\/\/mosaiculture.ca\/en\/#website\",\"url\":\"https:\/\/mosaiculture.ca\/en\/\",\"name\":\"Mosaiculture\",\"description\":\"\",\"publisher\":{\"@id\":\"https:\/\/mosaiculture.ca\/en\/#organization\"},\"potentialAction\":[{\"@type\":\"SearchAction\",\"target\":{\"@type\":\"EntryPoint\",\"urlTemplate\":\"https:\/\/mosaiculture.ca\/en\/?s={search_term_string}\"},\"query-input\":\"required name=search_term_string\"}],\"inLanguage\":\"en-US\"},{\"@type\":\"Organization\",\"@id\":\"https:\/\/mosaiculture.ca\/en\/#organization\",\"name\":\"Mosaiculture\",\"url\":\"https:\/\/mosaiculture.ca\/en\/\",\"logo\":{\"@type\":\"ImageObject\",\"inLanguage\":\"en-US\",\"@id\":\"https:\/\/mosaiculture.ca\/en\/#\/schema\/logo\/image\/\",\"url\":\"https:\/\/mosaiculture.ca\/wp-content\/uploads\/2024\/04\/Mosaicultures-Internationales-de-Montreal.png\",\"contentUrl\":\"https:\/\/mosaiculture.ca\/wp-content\/uploads\/2024\/04\/Mosaicultures-Internationales-de-Montreal.png\",\"width\":256,\"height\":87,\"caption\":\"Mosaiculture\"},\"image\":{\"@id\":\"https:\/\/mosaiculture.ca\/en\/#\/schema\/logo\/image\/\"}}]}<\/script>\n<!-- \/ Yoast SEO plugin. -->","yoast_head_json":{"title":"Contact us - Mosaiculture","robots":{"index":"index","follow":"follow","max-snippet":"max-snippet:-1","max-image-preview":"max-image-preview:large","max-video-preview":"max-video-preview:-1"},"canonical":"https:\/\/mosaiculture.ca\/en\/contact-us\/","og_locale":"en_US","og_type":"article","og_title":"Contact us - Mosaiculture","og_description":"Contact us MOSA\u00cfCULTURES INTERNATIONALES DE MONTR\u00c9AL ADMINISTRATIVE OFFICE Parc Jean Drapeau, Pavillon de la Tunisie350, Circuite Gilles VilleneuveMontr\u00e9al (Qu\u00e9bec) H3C 6J6 Canada T\u00e9l.: +1 514 868-4004T\u00e9l\u00e9c.: +1 514 868-4005 To find out where and when Mosa\u00efcultures internationales de Montr\u00e9al exhibits its creations or works it has produced, visit the REALIZATION section.","og_url":"https:\/\/mosaiculture.ca\/en\/contact-us\/","og_site_name":"Mosaiculture","article_modified_time":"2026-01-08T18:18:06+00:00","og_image":[{"url":"https:\/\/mosaiculture.ca\/wp-content\/uploads\/2024\/04\/MIM_Logo-triskel.png"}],"twitter_card":"summary_large_image","twitter_misc":{"Est. reading time":"1 minute"},"schema":{"@context":"https:\/\/schema.org","@graph":[{"@type":"WebPage","@id":"https:\/\/mosaiculture.ca\/en\/contact-us\/","url":"https:\/\/mosaiculture.ca\/en\/contact-us\/","name":"Contact us - Mosaiculture","isPartOf":{"@id":"https:\/\/mosaiculture.ca\/en\/#website"},"primaryImageOfPage":{"@id":"https:\/\/mosaiculture.ca\/en\/contact-us\/#primaryimage"},"image":{"@id":"https:\/\/mosaiculture.ca\/en\/contact-us\/#primaryimage"},"thumbnailUrl":"https:\/\/mosaiculture.ca\/wp-content\/uploads\/2024\/04\/MIM_Logo-triskel.png","datePublished":"2024-05-13T20:28:00+00:00","dateModified":"2026-01-08T18:18:06+00:00","breadcrumb":{"@id":"https:\/\/mosaiculture.ca\/en\/contact-us\/#breadcrumb"},"inLanguage":"en-US","potentialAction":[{"@type":"ReadAction","target":["https:\/\/mosaiculture.ca\/en\/contact-us\/"]}]},{"@type":"ImageObject","inLanguage":"en-US","@id":"https:\/\/mosaiculture.ca\/en\/contact-us\/#primaryimage","url":"https:\/\/mosaiculture.ca\/wp-content\/uploads\/2024\/04\/MIM_Logo-triskel.png","contentUrl":"https:\/\/mosaiculture.ca\/wp-content\/uploads\/2024\/04\/MIM_Logo-triskel.png"},{"@type":"BreadcrumbList","@id":"https:\/\/mosaiculture.ca\/en\/contact-us\/#breadcrumb","itemListElement":[{"@type":"ListItem","position":1,"name":"Accueil","item":"https:\/\/mosaiculture.ca\/en\/"},{"@type":"ListItem","position":2,"name":"Contact us"}]},{"@type":"WebSite","@id":"https:\/\/mosaiculture.ca\/en\/#website","url":"https:\/\/mosaiculture.ca\/en\/","name":"Mosaiculture","description":"","publisher":{"@id":"https:\/\/mosaiculture.ca\/en\/#organization"},"potentialAction":[{"@type":"SearchAction","target":{"@type":"EntryPoint","urlTemplate":"https:\/\/mosaiculture.ca\/en\/?s={search_term_string}"},"query-input":"required name=search_term_string"}],"inLanguage":"en-US"},{"@type":"Organization","@id":"https:\/\/mosaiculture.ca\/en\/#organization","name":"Mosaiculture","url":"https:\/\/mosaiculture.ca\/en\/","logo":{"@type":"ImageObject","inLanguage":"en-US","@id":"https:\/\/mosaiculture.ca\/en\/#\/schema\/logo\/image\/","url":"https:\/\/mosaiculture.ca\/wp-content\/uploads\/2024\/04\/Mosaicultures-Internationales-de-Montreal.png","contentUrl":"https:\/\/mosaiculture.ca\/wp-content\/uploads\/2024\/04\/Mosaicultures-Internationales-de-Montreal.png","width":256,"height":87,"caption":"Mosaiculture"},"image":{"@id":"https:\/\/mosaiculture.ca\/en\/#\/schema\/logo\/image\/"}}]}},"_links":{"self":[{"href":"https:\/\/mosaiculture.ca\/en\/wp-json\/wp\/v2\/pages\/422"}],"collection":[{"href":"https:\/\/mosaiculture.ca\/en\/wp-json\/wp\/v2\/pages"}],"about":[{"href":"https:\/\/mosaiculture.ca\/en\/wp-json\/wp\/v2\/types\/page"}],"author":[{"embeddable":true,"href":"https:\/\/mosaiculture.ca\/en\/wp-json\/wp\/v2\/users\/1"}],"replies":[{"embeddable":true,"href":"https:\/\/mosaiculture.ca\/en\/wp-json\/wp\/v2\/comments?post=422"}],"version-history":[{"count":10,"href":"https:\/\/mosaiculture.ca\/en\/wp-json\/wp\/v2\/pages\/422\/revisions"}],"predecessor-version":[{"id":1137,"href":"https:\/\/mosaiculture.ca\/en\/wp-json\/wp\/v2\/pages\/422\/revisions\/1137"}],"wp:attachment":[{"href":"https:\/\/mosaiculture.ca\/en\/wp-json\/wp\/v2\/media?parent=422"}],"curies":[{"name":"wp","href":"https:\/\/api.w.org\/{rel}","templated":true}]}}